{"id":80,"date":"2025-02-19T18:38:52","date_gmt":"2025-02-19T18:38:52","guid":{"rendered":"https:\/\/www.comfyer.pl\/?page_id=80"},"modified":"2026-03-11T13:36:31","modified_gmt":"2026-03-11T13:36:31","slug":"punkty-sprzedazy-comfyer-lista-sklepow","status":"publish","type":"page","link":"https:\/\/www.comfyer.pl\/index.php\/punkty-sprzedazy-comfyer-lista-sklepow\/","title":{"rendered":"Punkty sprzeda\u017cy Comfyer &#8211; lista sklep\u00f3w"},"content":{"rendered":"\n<figure class=\"wp-block-image size-full is-resized\"><a href=\"https:\/\/allegro.pl\/uzytkownik\/NIBLA_CORP?string=comfyer\"><img loading=\"lazy\" decoding=\"async\" width=\"655\" height=\"228\" src=\"https:\/\/www.comfyer.pl\/wp-content\/uploads\/2025\/03\/allegro-main1.png\" alt=\"\" class=\"wp-image-103\" style=\"width:217px;height:auto\" srcset=\"https:\/\/www.comfyer.pl\/wp-content\/uploads\/2025\/03\/allegro-main1.png 655w, https:\/\/www.comfyer.pl\/wp-content\/uploads\/2025\/03\/allegro-main1-300x104.png 300w\" sizes=\"auto, (max-width: 655px) 100vw, 655px\" \/><\/a><\/figure>\n\n\n\n<figure class=\"wp-block-image size-full is-resized\"><a href=\"https:\/\/www.mediaexpert.pl\/search?query[menu_item]=&amp;query[querystring]=comfyer\"><img loading=\"lazy\" decoding=\"async\" width=\"273\" height=\"70\" src=\"https:\/\/www.comfyer.pl\/wp-content\/uploads\/2026\/02\/me.jpg\" alt=\"\" class=\"wp-image-247\" style=\"aspect-ratio:3.9006474659522214;width:228px;height:auto\"\/><\/a><\/figure>\n\n\n\n<figure class=\"wp-block-image size-full\"><a href=\"https:\/\/centrumdziecieceares.pl\/?s=comfyer&amp;post_type=product\"><img loading=\"lazy\" decoding=\"async\" width=\"230\" height=\"78\" src=\"https:\/\/www.comfyer.pl\/wp-content\/uploads\/2025\/07\/ares-logo_m.webp\" alt=\"\" class=\"wp-image-186\"\/><\/a><\/figure>\n\n\n\n<figure class=\"wp-block-image size-full is-resized\"><a href=\"https:\/\/kamerasamochodowa.com\/product-category\/comfyer-baby\/\"><img loading=\"lazy\" decoding=\"async\" width=\"400\" height=\"87\" src=\"https:\/\/www.comfyer.pl\/wp-content\/uploads\/2025\/07\/kamera-samochodowa-ranking-vantrue-jaka.jpg\" alt=\"\" class=\"wp-image-188\" style=\"width:227px;height:auto\" srcset=\"https:\/\/www.comfyer.pl\/wp-content\/uploads\/2025\/07\/kamera-samochodowa-ranking-vantrue-jaka.jpg 400w, https:\/\/www.comfyer.pl\/wp-content\/uploads\/2025\/07\/kamera-samochodowa-ranking-vantrue-jaka-300x65.jpg 300w\" sizes=\"auto, (max-width: 400px) 100vw, 400px\" \/><\/a><\/figure>\n\n\n\n<figure class=\"wp-block-image size-full is-resized\"><a href=\"https:\/\/mamaville.pl\/comfyer-baby-bw01-przenosny-podgrzewacz-do-mleka-wody-80443.html?seller_preview=1\"><img loading=\"lazy\" decoding=\"async\" width=\"594\" height=\"202\" src=\"https:\/\/www.comfyer.pl\/wp-content\/uploads\/2025\/07\/mamaville.png\" alt=\"\" class=\"wp-image-220\" style=\"width:224px;height:auto\" srcset=\"https:\/\/www.comfyer.pl\/wp-content\/uploads\/2025\/07\/mamaville.png 594w, https:\/\/www.comfyer.pl\/wp-content\/uploads\/2025\/07\/mamaville-300x102.png 300w\" sizes=\"auto, (max-width: 594px) 100vw, 594px\" \/><\/a><\/figure>\n\n\n\n<figure class=\"wp-block-image size-full is-resized\"><a href=\"https:\/\/swiat-dziecka-24.pl\/pl\/search.html?text=comfyer\"><img loading=\"lazy\" decoding=\"async\" width=\"198\" height=\"39\" src=\"https:\/\/www.comfyer.pl\/wp-content\/uploads\/2025\/07\/swiat-dziecka-radom.png\" alt=\"\" class=\"wp-image-223\" style=\"width:211px;height:auto\"\/><\/a><\/figure>\n\n\n\n<figure class=\"wp-block-image size-full is-resized\"><a href=\"https:\/\/www.tomito.pl\/search.php?text=comfyer\"><img loading=\"lazy\" decoding=\"async\" width=\"363\" height=\"82\" src=\"https:\/\/www.comfyer.pl\/wp-content\/uploads\/2026\/03\/tomito.jpg\" alt=\"\" class=\"wp-image-249\" style=\"aspect-ratio:4.4274823708785975;width:214px;height:auto\" srcset=\"https:\/\/www.comfyer.pl\/wp-content\/uploads\/2026\/03\/tomito.jpg 363w, https:\/\/www.comfyer.pl\/wp-content\/uploads\/2026\/03\/tomito-300x68.jpg 300w\" sizes=\"auto, (max-width: 363px) 100vw, 363px\" \/><\/a><\/figure>\n\n\n\n<figure class=\"wp-block-image size-full is-resized\"><a href=\"https:\/\/babyhit.pl\/search.php?text=comfyer\"><img loading=\"lazy\" decoding=\"async\" width=\"262\" height=\"63\" src=\"https:\/\/www.comfyer.pl\/wp-content\/uploads\/2026\/03\/baby-hit-comfyer.png\" alt=\"\" class=\"wp-image-251\" style=\"aspect-ratio:4.159513768295708;width:208px;height:auto\"\/><\/a><\/figure>\n\n\n\n<p>Zainteresowany wsp\u00f3\u0142prac\u0105? Chcesz poszerzy\u0107 ofert\u0119 swojego sklepu o profesjonalne produkty z bran\u017cy domowej oraz dzieci\u0119cej?<\/p>\n\n\n\n<p>Napisz na biuro@comfyer.pl<\/p>\n\n\n\n<p><\/p>\n","protected":false},"excerpt":{"rendered":"<p>Zainteresowany wsp\u00f3\u0142prac\u0105? Chcesz poszerzy\u0107 ofert\u0119 swojego sklepu o profesjonalne produkty z bran\u017cy domowej oraz dzieci\u0119cej? Napisz na biuro@comfyer.pl<\/p>\n","protected":false},"author":1,"featured_media":0,"parent":0,"menu_order":0,"comment_status":"closed","ping_status":"closed","template":"","meta":{"footnotes":""},"class_list":["post-80","page","type-page","status-publish","hentry"],"_links":{"self":[{"href":"https:\/\/www.comfyer.pl\/index.php\/wp-json\/wp\/v2\/pages\/80","targetHints":{"allow":["GET"]}}],"collection":[{"href":"https:\/\/www.comfyer.pl\/index.php\/wp-json\/wp\/v2\/pages"}],"about":[{"href":"https:\/\/www.comfyer.pl\/index.php\/wp-json\/wp\/v2\/types\/page"}],"author":[{"embeddable":true,"href":"https:\/\/www.comfyer.pl\/index.php\/wp-json\/wp\/v2\/users\/1"}],"replies":[{"embeddable":true,"href":"https:\/\/www.comfyer.pl\/index.php\/wp-json\/wp\/v2\/comments?post=80"}],"version-history":[{"count":14,"href":"https:\/\/www.comfyer.pl\/index.php\/wp-json\/wp\/v2\/pages\/80\/revisions"}],"predecessor-version":[{"id":252,"href":"https:\/\/www.comfyer.pl\/index.php\/wp-json\/wp\/v2\/pages\/80\/revisions\/252"}],"wp:attachment":[{"href":"https:\/\/www.comfyer.pl\/index.php\/wp-json\/wp\/v2\/media?parent=80"}],"curies":[{"name":"wp","href":"https:\/\/api.w.org\/{rel}","templated":true}]}}