{"id":241,"date":"2025-08-21T11:48:36","date_gmt":"2025-08-21T11:48:36","guid":{"rendered":"https:\/\/www.comfyer.pl\/?page_id=241"},"modified":"2025-08-21T11:48:36","modified_gmt":"2025-08-21T11:48:36","slug":"media-o-nas","status":"publish","type":"page","link":"https:\/\/www.comfyer.pl\/index.php\/media-o-nas\/","title":{"rendered":"Media o nas"},"content":{"rendered":"\n<figure class=\"wp-block-embed alignwide is-type-video is-provider-youtube wp-block-embed-youtube wp-embed-aspect-16-9 wp-has-aspect-ratio\"><div class=\"wp-block-embed__wrapper\">\n<iframe loading=\"lazy\" title=\"Jako \u015bwie\u017cy rodzic uwielbiam te sprz\u0119ty! Comfyer Baby\" width=\"500\" height=\"281\" src=\"https:\/\/www.youtube.com\/embed\/Ce499ZFldtA?feature=oembed\" frameborder=\"0\" allow=\"accelerometer; autoplay; clipboard-write; encrypted-media; gyroscope; picture-in-picture; web-share\" referrerpolicy=\"strict-origin-when-cross-origin\" allowfullscreen><\/iframe>\n<\/div><\/figure>\n\n\n\n<p>MrReco Piotr Kitela<\/p>\n","protected":false},"excerpt":{"rendered":"<p>MrReco Piotr Kitela<\/p>\n","protected":false},"author":1,"featured_media":0,"parent":0,"menu_order":0,"comment_status":"closed","ping_status":"closed","template":"","meta":{"footnotes":""},"class_list":["post-241","page","type-page","status-publish","hentry"],"_links":{"self":[{"href":"https:\/\/www.comfyer.pl\/index.php\/wp-json\/wp\/v2\/pages\/241","targetHints":{"allow":["GET"]}}],"collection":[{"href":"https:\/\/www.comfyer.pl\/index.php\/wp-json\/wp\/v2\/pages"}],"about":[{"href":"https:\/\/www.comfyer.pl\/index.php\/wp-json\/wp\/v2\/types\/page"}],"author":[{"embeddable":true,"href":"https:\/\/www.comfyer.pl\/index.php\/wp-json\/wp\/v2\/users\/1"}],"replies":[{"embeddable":true,"href":"https:\/\/www.comfyer.pl\/index.php\/wp-json\/wp\/v2\/comments?post=241"}],"version-history":[{"count":1,"href":"https:\/\/www.comfyer.pl\/index.php\/wp-json\/wp\/v2\/pages\/241\/revisions"}],"predecessor-version":[{"id":242,"href":"https:\/\/www.comfyer.pl\/index.php\/wp-json\/wp\/v2\/pages\/241\/revisions\/242"}],"wp:attachment":[{"href":"https:\/\/www.comfyer.pl\/index.php\/wp-json\/wp\/v2\/media?parent=241"}],"curies":[{"name":"wp","href":"https:\/\/api.w.org\/{rel}","templated":true}]}}